{"id":67,"date":"2019-10-15T13:18:01","date_gmt":"2019-10-15T13:18:01","guid":{"rendered":"https:\/\/www.ah-produkter.se\/?page_id=67"},"modified":"2020-12-09T13:49:09","modified_gmt":"2020-12-09T13:49:09","slug":"ah-compact-badrum","status":"publish","type":"page","link":"https:\/\/www.ah-produkter.se\/en\/ah-compact-badrum\/","title":{"rendered":"Ah-Compact Shower walls, Screen walls system, Cabinets and Benches"},"content":{"rendered":"<p><\/p>\n<div class=\"left\" style=\"width: 60%;\">\n<h4>Shower walls<\/h4>\n<p>Ah Compact shower walls system consist of walls in an eco-friendly compact laminate and profiles in anodized aluminum. Complement the lintels with curtain rails including hook and sliding shower curtain. The standard depth is 900 mm but other measurements can be made on order.<\/p>\n<h4>Screen walls system<\/h4>\n<p>Ah Compact is a complete partition system for public sanitary facilities. The system consists of doors and walls in an environmentally homogenous compact laminate with profiles in anodized aluminum. The doors are self-closing and the profile has a brush strip for quiet operation. The base is adjustable in height and made \u200bof steel. This system is built for uncompromising results.<\/p>\n<h4>Bathroom cabinets and benches<\/h4>\n<p><span title=\"\">Ah Compact Bathroom is a collection of bathroom cabinets in various designs.<\/span> <span title=\"\">The cabinets are made of homogeneous compact laminate (HPL).<\/span> <span title=\"\">Some of the benefits of this material are that it is durable, moisture proof and has a long life.<\/span> <span title=\"\">Suitable for the toughest environments.<\/span> <span title=\"\">Of course, these are available in standard sizes, and we also manufacture them to the customer&#8217;s wishes.<\/span><\/p>\n<p>Our range also includes functional benches for changing rooms.<\/p>\n<p>&nbsp;<\/p>\n<\/div>\n<div class=\"document\">\n<div class=\"file_div_download\">Download<\/div>\n<div><\/div>\n<div class=\"file_div_blue\"><a href=\"https:\/\/media.ah-produkter.se\/2019\/12\/Ah-Coompact-sittb\u00e4nkar.zip\" target=\"_blank\" rel=\"noopener noreferrer\">Images Bench<\/a><\/div>\n<div class=\"file_div_tan\"><a href=\"https:\/\/media.ah-produkter.se\/2019\/12\/Ah-Compact-Badrum.zip\" target=\"_blank\" rel=\"noopener noreferrer\">Images Bathroom<\/a><\/div>\n<div class=\"file_div_blue\"><a href=\"https:\/\/media.ah-produkter.se\/2019\/12\/Ah_Compact_tryck.pdf\" target=\"_blank\" rel=\"noopener noreferrer\">Brochure (sv)<\/a><\/div>\n<div class=\"file_div_tan\"><a href=\"https:\/\/media.ah-produkter.se\/2019\/12\/Ah_Compact_Duschvagg-upp-och-ner-vid-utskrift.pdf\" target=\"_blank\" rel=\"noopener noreferrer\">Assembly instructions Shower wall (sv)<\/a><\/div>\n<div class=\"file_div_tan\"><a href=\"https:\/\/media.ah-produkter.se\/2019\/12\/Ah_Compact_System.pdf\" target=\"_blank\" rel=\"noopener noreferrer\">Assembly instructions Screen wall system (sv) <\/a><\/div>\n<p>&nbsp;<\/p>\n<p>&nbsp;<\/p>\n<\/div>\n<p>&nbsp;<\/p>\n<div class=\"clearfix\"><\/div>\n<p><\/p>","protected":false},"excerpt":{"rendered":"<p>Shower walls Ah Compact shower walls system consist of walls in an eco-friendly compact laminate and profiles in anodized aluminum. Complement the lintels with curtain rails including hook and sliding shower curtain. The standard depth is 900 mm but other measurements can be made on order. Screen walls system Ah Compact is a complete partition system for public sanitary facilities. The system consists of doors and walls in an environmentally homogenous compact laminate with profiles in anodized aluminum. The doors are self-closing and the profile has a brush strip for quiet operation. The base is adjustable in height and made&#8230; <\/p>\n","protected":false},"author":1,"featured_media":1692,"parent":0,"menu_order":0,"comment_status":"closed","ping_status":"closed","template":"template-full-width.php","meta":{"footnotes":""},"class_list":["post-67","page","type-page","status-publish","has-post-thumbnail","hentry"],"yoast_head":"<!-- This site is optimized with the Yoast SEO plugin v27.6 - https:\/\/yoast.com\/product\/yoast-seo-wordpress\/ -->\n<title>Ah-Compact Shower walls, Screen walls system, Cabinets and Benches - Ah Production<\/title>\n<meta name=\"robots\" content=\"index, follow, max-snippet:-1, max-image-preview:large, max-video-preview:-1\" \/>\n<link rel=\"canonical\" href=\"https:\/\/www.ah-produkter.se\/ah-compact-badrum\/\" \/>\n<meta property=\"og:locale\" content=\"en_US\" \/>\n<meta property=\"og:type\" content=\"article\" \/>\n<meta property=\"og:title\" content=\"Ah-Compact Shower walls, Screen walls system, Cabinets and Benches - Ah Production\" \/>\n<meta property=\"og:description\" content=\"Shower walls Ah Compact shower walls system consist of walls in an eco-friendly compact laminate and profiles in anodized aluminum. Complement the lintels with curtain rails including hook and sliding shower curtain. The standard depth is 900 mm but other measurements can be made on order. Screen walls system Ah Compact is a complete partition system for public sanitary facilities. The system consists of doors and walls in an environmentally homogenous compact laminate with profiles in anodized aluminum. The doors are self-closing and the profile has a brush strip for quiet operation. The base is adjustable in height and made...\" \/>\n<meta property=\"og:url\" content=\"https:\/\/www.ah-produkter.se\/ah-compact-badrum\/\" \/>\n<meta property=\"og:site_name\" content=\"Ah Production\" \/>\n<meta property=\"article:modified_time\" content=\"2020-12-09T13:49:09+00:00\" \/>\n<meta property=\"og:image\" content=\"https:\/\/media.ah-produkter.se\/2020\/11\/Ah-Compact.jpg\" \/>\n\t<meta property=\"og:image:width\" content=\"960\" \/>\n\t<meta property=\"og:image:height\" content=\"360\" \/>\n\t<meta property=\"og:image:type\" content=\"image\/jpeg\" \/>\n<meta name=\"twitter:card\" content=\"summary_large_image\" \/>\n<meta name=\"twitter:label1\" content=\"Est. reading time\" \/>\n\t<meta name=\"twitter:data1\" content=\"2 minutes\" \/>\n<script type=\"application\/ld+json\" class=\"yoast-schema-graph\">{\"@context\":\"https:\\\/\\\/schema.org\",\"@graph\":[{\"@type\":\"WebPage\",\"@id\":\"https:\\\/\\\/www.ah-produkter.se\\\/ah-compact-badrum\\\/\",\"url\":\"https:\\\/\\\/www.ah-produkter.se\\\/ah-compact-badrum\\\/\",\"name\":\"Ah-Compact Shower walls, Screen walls system, Cabinets and Benches - Ah Production\",\"isPartOf\":{\"@id\":\"https:\\\/\\\/www.ah-produkter.se\\\/#website\"},\"primaryImageOfPage\":{\"@id\":\"https:\\\/\\\/www.ah-produkter.se\\\/ah-compact-badrum\\\/#primaryimage\"},\"image\":{\"@id\":\"https:\\\/\\\/www.ah-produkter.se\\\/ah-compact-badrum\\\/#primaryimage\"},\"thumbnailUrl\":\"https:\\\/\\\/media.ah-produkter.se\\\/2020\\\/11\\\/Ah-Compact.jpg\",\"datePublished\":\"2019-10-15T13:18:01+00:00\",\"dateModified\":\"2020-12-09T13:49:09+00:00\",\"breadcrumb\":{\"@id\":\"https:\\\/\\\/www.ah-produkter.se\\\/ah-compact-badrum\\\/#breadcrumb\"},\"inLanguage\":\"en-US\",\"potentialAction\":[{\"@type\":\"ReadAction\",\"target\":[\"https:\\\/\\\/www.ah-produkter.se\\\/ah-compact-badrum\\\/\"]}]},{\"@type\":\"ImageObject\",\"inLanguage\":\"en-US\",\"@id\":\"https:\\\/\\\/www.ah-produkter.se\\\/ah-compact-badrum\\\/#primaryimage\",\"url\":\"https:\\\/\\\/media.ah-produkter.se\\\/2020\\\/11\\\/Ah-Compact.jpg\",\"contentUrl\":\"https:\\\/\\\/media.ah-produkter.se\\\/2020\\\/11\\\/Ah-Compact.jpg\",\"width\":960,\"height\":360,\"caption\":\"Ah Compact Duschv\u00e4gg\"},{\"@type\":\"BreadcrumbList\",\"@id\":\"https:\\\/\\\/www.ah-produkter.se\\\/ah-compact-badrum\\\/#breadcrumb\",\"itemListElement\":[{\"@type\":\"ListItem\",\"position\":1,\"name\":\"Hem\",\"item\":\"https:\\\/\\\/www.ah-produkter.se\\\/\"},{\"@type\":\"ListItem\",\"position\":2,\"name\":\"Ah Compact Duschv\u00e4ggar, Sk\u00e4rmv\u00e4ggssystem, Badrumssk\u00e5p och Sittb\u00e4nkar\"}]},{\"@type\":\"WebSite\",\"@id\":\"https:\\\/\\\/www.ah-produkter.se\\\/#website\",\"url\":\"https:\\\/\\\/www.ah-produkter.se\\\/\",\"name\":\"Ah Production\",\"description\":\"\",\"publisher\":{\"@id\":\"https:\\\/\\\/www.ah-produkter.se\\\/#organization\"},\"potentialAction\":[{\"@type\":\"SearchAction\",\"target\":{\"@type\":\"EntryPoint\",\"urlTemplate\":\"https:\\\/\\\/www.ah-produkter.se\\\/?s={search_term_string}\"},\"query-input\":{\"@type\":\"PropertyValueSpecification\",\"valueRequired\":true,\"valueName\":\"search_term_string\"}}],\"inLanguage\":\"en-US\"},{\"@type\":\"Organization\",\"@id\":\"https:\\\/\\\/www.ah-produkter.se\\\/#organization\",\"name\":\"AH Production\",\"url\":\"https:\\\/\\\/www.ah-produkter.se\\\/\",\"logo\":{\"@type\":\"ImageObject\",\"inLanguage\":\"en-US\",\"@id\":\"https:\\\/\\\/www.ah-produkter.se\\\/#\\\/schema\\\/logo\\\/image\\\/\",\"url\":\"https:\\\/\\\/media.ah-produkter.se\\\/2020\\\/04\\\/logo1.png\",\"contentUrl\":\"https:\\\/\\\/media.ah-produkter.se\\\/2020\\\/04\\\/logo1.png\",\"width\":639,\"height\":104,\"caption\":\"AH Production\"},\"image\":{\"@id\":\"https:\\\/\\\/www.ah-produkter.se\\\/#\\\/schema\\\/logo\\\/image\\\/\"}}]}<\/script>\n<!-- \/ Yoast SEO plugin. -->","yoast_head_json":{"title":"Ah-Compact Shower walls, Screen walls system, Cabinets and Benches - Ah Production","robots":{"index":"index","follow":"follow","max-snippet":"max-snippet:-1","max-image-preview":"max-image-preview:large","max-video-preview":"max-video-preview:-1"},"canonical":"https:\/\/www.ah-produkter.se\/ah-compact-badrum\/","og_locale":"en_US","og_type":"article","og_title":"Ah-Compact Shower walls, Screen walls system, Cabinets and Benches - Ah Production","og_description":"Shower walls Ah Compact shower walls system consist of walls in an eco-friendly compact laminate and profiles in anodized aluminum. Complement the lintels with curtain rails including hook and sliding shower curtain. The standard depth is 900 mm but other measurements can be made on order. Screen walls system Ah Compact is a complete partition system for public sanitary facilities. The system consists of doors and walls in an environmentally homogenous compact laminate with profiles in anodized aluminum. The doors are self-closing and the profile has a brush strip for quiet operation. The base is adjustable in height and made...","og_url":"https:\/\/www.ah-produkter.se\/ah-compact-badrum\/","og_site_name":"Ah Production","article_modified_time":"2020-12-09T13:49:09+00:00","og_image":[{"width":960,"height":360,"url":"https:\/\/media.ah-produkter.se\/2020\/11\/Ah-Compact.jpg","type":"image\/jpeg"}],"twitter_card":"summary_large_image","twitter_misc":{"Est. reading time":"2 minutes"},"schema":{"@context":"https:\/\/schema.org","@graph":[{"@type":"WebPage","@id":"https:\/\/www.ah-produkter.se\/ah-compact-badrum\/","url":"https:\/\/www.ah-produkter.se\/ah-compact-badrum\/","name":"Ah-Compact Shower walls, Screen walls system, Cabinets and Benches - Ah Production","isPartOf":{"@id":"https:\/\/www.ah-produkter.se\/#website"},"primaryImageOfPage":{"@id":"https:\/\/www.ah-produkter.se\/ah-compact-badrum\/#primaryimage"},"image":{"@id":"https:\/\/www.ah-produkter.se\/ah-compact-badrum\/#primaryimage"},"thumbnailUrl":"https:\/\/media.ah-produkter.se\/2020\/11\/Ah-Compact.jpg","datePublished":"2019-10-15T13:18:01+00:00","dateModified":"2020-12-09T13:49:09+00:00","breadcrumb":{"@id":"https:\/\/www.ah-produkter.se\/ah-compact-badrum\/#breadcrumb"},"inLanguage":"en-US","potentialAction":[{"@type":"ReadAction","target":["https:\/\/www.ah-produkter.se\/ah-compact-badrum\/"]}]},{"@type":"ImageObject","inLanguage":"en-US","@id":"https:\/\/www.ah-produkter.se\/ah-compact-badrum\/#primaryimage","url":"https:\/\/media.ah-produkter.se\/2020\/11\/Ah-Compact.jpg","contentUrl":"https:\/\/media.ah-produkter.se\/2020\/11\/Ah-Compact.jpg","width":960,"height":360,"caption":"Ah Compact Duschv\u00e4gg"},{"@type":"BreadcrumbList","@id":"https:\/\/www.ah-produkter.se\/ah-compact-badrum\/#breadcrumb","itemListElement":[{"@type":"ListItem","position":1,"name":"Hem","item":"https:\/\/www.ah-produkter.se\/"},{"@type":"ListItem","position":2,"name":"Ah Compact Duschv\u00e4ggar, Sk\u00e4rmv\u00e4ggssystem, Badrumssk\u00e5p och Sittb\u00e4nkar"}]},{"@type":"WebSite","@id":"https:\/\/www.ah-produkter.se\/#website","url":"https:\/\/www.ah-produkter.se\/","name":"Ah Production","description":"","publisher":{"@id":"https:\/\/www.ah-produkter.se\/#organization"},"potentialAction":[{"@type":"SearchAction","target":{"@type":"EntryPoint","urlTemplate":"https:\/\/www.ah-produkter.se\/?s={search_term_string}"},"query-input":{"@type":"PropertyValueSpecification","valueRequired":true,"valueName":"search_term_string"}}],"inLanguage":"en-US"},{"@type":"Organization","@id":"https:\/\/www.ah-produkter.se\/#organization","name":"AH Production","url":"https:\/\/www.ah-produkter.se\/","logo":{"@type":"ImageObject","inLanguage":"en-US","@id":"https:\/\/www.ah-produkter.se\/#\/schema\/logo\/image\/","url":"https:\/\/media.ah-produkter.se\/2020\/04\/logo1.png","contentUrl":"https:\/\/media.ah-produkter.se\/2020\/04\/logo1.png","width":639,"height":104,"caption":"AH Production"},"image":{"@id":"https:\/\/www.ah-produkter.se\/#\/schema\/logo\/image\/"}}]}},"_links":{"self":[{"href":"https:\/\/www.ah-produkter.se\/en\/wp-json\/wp\/v2\/pages\/67","targetHints":{"allow":["GET"]}}],"collection":[{"href":"https:\/\/www.ah-produkter.se\/en\/wp-json\/wp\/v2\/pages"}],"about":[{"href":"https:\/\/www.ah-produkter.se\/en\/wp-json\/wp\/v2\/types\/page"}],"author":[{"embeddable":true,"href":"https:\/\/www.ah-produkter.se\/en\/wp-json\/wp\/v2\/users\/1"}],"replies":[{"embeddable":true,"href":"https:\/\/www.ah-produkter.se\/en\/wp-json\/wp\/v2\/comments?post=67"}],"version-history":[{"count":19,"href":"https:\/\/www.ah-produkter.se\/en\/wp-json\/wp\/v2\/pages\/67\/revisions"}],"predecessor-version":[{"id":1845,"href":"https:\/\/www.ah-produkter.se\/en\/wp-json\/wp\/v2\/pages\/67\/revisions\/1845"}],"wp:featuredmedia":[{"embeddable":true,"href":"https:\/\/www.ah-produkter.se\/en\/wp-json\/wp\/v2\/media\/1692"}],"wp:attachment":[{"href":"https:\/\/www.ah-produkter.se\/en\/wp-json\/wp\/v2\/media?parent=67"}],"curies":[{"name":"wp","href":"https:\/\/api.w.org\/{rel}","templated":true}]}}